{"id":27,"date":"2026-03-09T17:18:48","date_gmt":"2026-03-09T17:18:48","guid":{"rendered":"https:\/\/www.kraftdesign.eu\/?page_id=27"},"modified":"2026-04-14T13:11:24","modified_gmt":"2026-04-14T13:11:24","slug":"contact","status":"publish","type":"page","link":"https:\/\/www.kraftdesign.eu\/en\/contact\/","title":{"rendered":"Contact Kraft Design | Agence de cr\u00e9ation graphique \u00e9coresponsable"},"content":{"rendered":"\t\t<div data-elementor-type=\"wp-page\" data-elementor-id=\"27\" class=\"elementor elementor-27\" data-elementor-post-type=\"page\">\n\t\t\t\t<div class=\"elementor-element elementor-element-7d68174 e-con-full e-flex e-con e-parent\" data-id=\"7d68174\" data-element_type=\"container\" data-e-type=\"container\" data-settings=\"{&quot;background_background&quot;:&quot;classic&quot;,&quot;position&quot;:&quot;relative&quot;}\">\n\t\t\t\t<div class=\"elementor-element elementor-element-75ef152 elementor-absolute elementor-widget elementor-widget-image\" data-id=\"75ef152\" data-element_type=\"widget\" data-e-type=\"widget\" data-settings=\"{&quot;_position&quot;:&quot;absolute&quot;,&quot;motion_fx_motion_fx_scrolling&quot;:&quot;yes&quot;,&quot;motion_fx_translateY_effect&quot;:&quot;yes&quot;,&quot;motion_fx_translateY_speed&quot;:{&quot;unit&quot;:&quot;px&quot;,&quot;size&quot;:10,&quot;sizes&quot;:[]},&quot;motion_fx_translateY_affectedRange&quot;:{&quot;unit&quot;:&quot;%&quot;,&quot;size&quot;:&quot;&quot;,&quot;sizes&quot;:{&quot;start&quot;:0,&quot;end&quot;:100}},&quot;motion_fx_devices&quot;:[&quot;desktop&quot;,&quot;tablet&quot;,&quot;mobile&quot;]}\" data-widget_type=\"image.default\">\n\t\t\t\t\t\t\t\t\t\t\t\t\t\t\t<img fetchpriority=\"high\" decoding=\"async\" width=\"710\" height=\"710\" src=\"https:\/\/www.kraftdesign.eu\/wp-content\/uploads\/2026\/03\/Symbole-KD-White-1.svg\" class=\"attachment-large size-large wp-image-257\" alt=\"\" \/>\t\t\t\t\t\t\t\t\t\t\t\t\t\t\t<\/div>\n\t\t<div class=\"elementor-element elementor-element-efbde1f e-con-full e-flex e-con e-child\" data-id=\"efbde1f\" data-element_type=\"container\" data-e-type=\"container\">\n\t\t\t\t<div class=\"elementor-element elementor-element-fdfca6f elementor-widget__width-initial elementor-widget elementor-widget-heading\" data-id=\"fdfca6f\" data-element_type=\"widget\" data-e-type=\"widget\" data-widget_type=\"heading.default\">\n\t\t\t\t\t<h1 class=\"elementor-heading-title elementor-size-default\">Nous<br \/>contacter<\/h1>\t\t\t\t<\/div>\n\t\t\t\t<\/div>\n\t\t\t\t<\/div>\n\t\t<div class=\"elementor-element elementor-element-3bd7d3e e-flex e-con-boxed e-con e-parent\" data-id=\"3bd7d3e\" data-element_type=\"container\" data-e-type=\"container\" data-settings=\"{&quot;background_background&quot;:&quot;classic&quot;}\">\n\t\t\t\t\t<div class=\"e-con-inner\">\n\t\t<div class=\"elementor-element elementor-element-9995a14 e-con-full e-flex e-con e-child\" data-id=\"9995a14\" data-element_type=\"container\" data-e-type=\"container\">\n\t\t<div class=\"elementor-element elementor-element-288577e e-con-full e-flex e-con e-child\" data-id=\"288577e\" data-element_type=\"container\" data-e-type=\"container\">\n\t\t\t\t<div class=\"elementor-element elementor-element-cee0363 animated-fast elementor-invisible elementor-widget elementor-widget-image\" data-id=\"cee0363\" data-element_type=\"widget\" data-e-type=\"widget\" data-settings=\"{&quot;_animation&quot;:&quot;slideInLeft&quot;}\" data-widget_type=\"image.default\">\n\t\t\t\t\t\t\t\t\t\t\t\t\t\t\t<img decoding=\"async\" width=\"900\" height=\"740\" src=\"https:\/\/www.kraftdesign.eu\/wp-content\/uploads\/2026\/03\/Visuel-page-Contact-1.jpg\" class=\"attachment-kd-card size-kd-card wp-image-1387\" alt=\"Carte de visite Kraft Design pour contact et communication.\" srcset=\"https:\/\/www.kraftdesign.eu\/wp-content\/uploads\/2026\/03\/Visuel-page-Contact-1.jpg 900w, https:\/\/www.kraftdesign.eu\/wp-content\/uploads\/2026\/03\/Visuel-page-Contact-1-300x247.jpg 300w, https:\/\/www.kraftdesign.eu\/wp-content\/uploads\/2026\/03\/Visuel-page-Contact-1-768x631.jpg 768w, https:\/\/www.kraftdesign.eu\/wp-content\/uploads\/2026\/03\/Visuel-page-Contact-1-15x12.jpg 15w\" sizes=\"(max-width: 900px) 100vw, 900px\" \/>\t\t\t\t\t\t\t\t\t\t\t\t\t\t\t<\/div>\n\t\t\t\t<\/div>\n\t\t<div class=\"elementor-element elementor-element-46fa016 e-con-full e-flex e-con e-child\" data-id=\"46fa016\" data-element_type=\"container\" data-e-type=\"container\">\n\t\t\t\t<div class=\"elementor-element elementor-element-dbcbbb5 elementor-widget__width-initial elementor-widget elementor-widget-heading\" data-id=\"dbcbbb5\" data-element_type=\"widget\" data-e-type=\"widget\" data-widget_type=\"heading.default\">\n\t\t\t\t\t<h2 class=\"elementor-heading-title elementor-size-default\">Vous avez un projet de communication&nbsp;?<\/h2>\t\t\t\t<\/div>\n\t\t\t\t<\/div>\n\t\t\t\t<\/div>\n\t\t<div class=\"elementor-element elementor-element-964e14d e-con-full e-flex e-con e-child\" data-id=\"964e14d\" data-element_type=\"container\" data-e-type=\"container\">\n\t\t\t\t<div class=\"elementor-element elementor-element-7c2c4bc elementor-position-inline-start elementor-widget__width-inherit elementor-mobile-position-inline-start svg_fleche elementor-view-default elementor-widget elementor-widget-icon-box\" data-id=\"7c2c4bc\" data-element_type=\"widget\" data-e-type=\"widget\" id=\"form_prospect\" data-widget_type=\"icon-box.default\">\n\t\t\t\t\t\t\t<div class=\"elementor-icon-box-wrapper\">\n\n\t\t\t\t\t\t<div class=\"elementor-icon-box-icon\">\n\t\t\t\t<a href=\"https:\/\/tally.so\/r\/VLV0la\" target=\"_blank\" class=\"elementor-icon\" tabindex=\"-1\" rel=\"noopener\">\n\t\t\t\t<svg xmlns=\"http:\/\/www.w3.org\/2000\/svg\" id=\"Calque_1\" data-name=\"Calque 1\" viewBox=\"0 0 20 20\"><defs><style>      .cls-1 {        fill: none;        stroke: #77d7ff;        stroke-linecap: round;        stroke-linejoin: round;        stroke-width: 1.5px;      }    <\/style><\/defs><g id=\"Groupe_163\" data-name=\"Groupe 163\"><g id=\"Groupe_160\" data-name=\"Groupe 160\"><circle id=\"Ellipse_16\" data-name=\"Ellipse 16\" class=\"cls-1\" cx=\"10.12\" cy=\"10.11\" r=\"8.45\"><\/circle><line id=\"Ligne_286\" data-name=\"Ligne 286\" class=\"cls-1\" x1=\"6.17\" y1=\"10.11\" x2=\"14.06\" y2=\"10.11\"><\/line><path id=\"Trac&#xE9;_81\" data-name=\"Trac&#xE9; 81\" class=\"cls-1\" d=\"M10.57,6.27l3.23,3.23c.34.34.34.89,0,1.23l-3.23,3.23\"><\/path><\/g><\/g><\/svg>\t\t\t\t<\/a>\n\t\t\t<\/div>\n\t\t\t\n\t\t\t\t\t\t<div class=\"elementor-icon-box-content\">\n\n\t\t\t\t\n\t\t\t\t\t\t\t\t\t<p class=\"elementor-icon-box-description\">\n\t\t\t\t\t\t<span>Si vous avez un besoin pr\u00e9cis ou un brief \u00e0 nous communiquer, merci de remplir ce <span class=\"form_link\">formulaire<\/span>.<\/span><br \/>Confidentiel. Sans engagement. R\u00e9ponse rapide garantie.\t\t\t\t\t<\/p>\n\t\t\t\t\n\t\t\t<\/div>\n\t\t\t\n\t\t<\/div>\n\t\t\t\t\t\t<\/div>\n\t\t\t\t<div class=\"elementor-element elementor-element-e3ef8bf elementor-position-inline-start elementor-widget__width-inherit elementor-mobile-position-inline-start svg_fleche elementor-view-default elementor-widget elementor-widget-icon-box\" data-id=\"e3ef8bf\" data-element_type=\"widget\" data-e-type=\"widget\" data-widget_type=\"icon-box.default\">\n\t\t\t\t\t\t\t<div class=\"elementor-icon-box-wrapper\">\n\n\t\t\t\t\t\t<div class=\"elementor-icon-box-icon\">\n\t\t\t\t<span  class=\"elementor-icon\">\n\t\t\t\t<svg xmlns=\"http:\/\/www.w3.org\/2000\/svg\" id=\"Calque_1\" data-name=\"Calque 1\" viewBox=\"0 0 20 20\"><defs><style>      .cls-1 {        fill: none;        stroke: #77d7ff;        stroke-linecap: round;        stroke-linejoin: round;        stroke-width: 1.5px;      }    <\/style><\/defs><g id=\"Groupe_163\" data-name=\"Groupe 163\"><g id=\"Groupe_160\" data-name=\"Groupe 160\"><circle id=\"Ellipse_16\" data-name=\"Ellipse 16\" class=\"cls-1\" cx=\"10.12\" cy=\"10.11\" r=\"8.45\"><\/circle><line id=\"Ligne_286\" data-name=\"Ligne 286\" class=\"cls-1\" x1=\"6.17\" y1=\"10.11\" x2=\"14.06\" y2=\"10.11\"><\/line><path id=\"Trac&#xE9;_81\" data-name=\"Trac&#xE9; 81\" class=\"cls-1\" d=\"M10.57,6.27l3.23,3.23c.34.34.34.89,0,1.23l-3.23,3.23\"><\/path><\/g><\/g><\/svg>\t\t\t\t<\/span>\n\t\t\t<\/div>\n\t\t\t\n\t\t\t\t\t\t<div class=\"elementor-icon-box-content\">\n\n\t\t\t\t\n\t\t\t\t\t\t\t\t\t<p class=\"elementor-icon-box-description\">\n\t\t\t\t\t\t<span>Ou contactez-nous via le formulaire ci-dessous.<\/span><br \/>Nous vous r\u00e9pondrons dans les plus brefs d\u00e9lai.\t\t\t\t\t<\/p>\n\t\t\t\t\n\t\t\t<\/div>\n\t\t\t\n\t\t<\/div>\n\t\t\t\t\t\t<\/div>\n\t\t\t\t<div class=\"elementor-element elementor-element-32a9268 elementor-button-align-start kd_form elementor-widget elementor-widget-form\" data-id=\"32a9268\" data-element_type=\"widget\" data-e-type=\"widget\" data-settings=\"{&quot;step_next_label&quot;:&quot;Suivant&quot;,&quot;step_previous_label&quot;:&quot;Pr\\u00e9c\\u00e9dent&quot;,&quot;step_type&quot;:&quot;number_text&quot;,&quot;step_icon_shape&quot;:&quot;circle&quot;}\" data-widget_type=\"form.default\">\n\t\t\t\t\t\t\t<form class=\"elementor-form\" method=\"post\" name=\"Contact\" aria-label=\"Contact\">\n\t\t\t<input type=\"hidden\" name=\"post_id\" value=\"27\"\/>\n\t\t\t<input type=\"hidden\" name=\"form_id\" value=\"32a9268\"\/>\n\t\t\t<input type=\"hidden\" name=\"referer_title\" value=\"Contact Kraft Design | Agence de cr\u00e9ation graphique \u00e9coresponsable - Agence de Cr\u00e9ation Graphique B2B Print-First &amp; RSE | Kraft Design\" \/>\n\n\t\t\t\t\t\t\t<input type=\"hidden\" name=\"queried_id\" value=\"27\"\/>\n\t\t\t\n\t\t\t<div class=\"elementor-form-fields-wrapper elementor-labels-above\">\n\t\t\t\t\t\t\t\t<div class=\"elementor-field-type-text elementor-field-group elementor-column elementor-field-group-field_2dcf823 elementor-col-100 elementor-field-required elementor-mark-required\">\n\t\t\t\t\t\t\t\t\t\t\t\t<label for=\"form-field-field_2dcf823\" class=\"elementor-field-label\">\n\t\t\t\t\t\t\t\tObjet de votre demande\t\t\t\t\t\t\t<\/label>\n\t\t\t\t\t\t\t\t\t\t\t\t\t\t<input size=\"1\" type=\"text\" name=\"form_fields[field_2dcf823]\" id=\"form-field-field_2dcf823\" class=\"elementor-field elementor-size-sm  elementor-field-textual\" required=\"required\">\n\t\t\t\t\t\t\t\t\t\t\t<\/div>\n\t\t\t\t\t\t\t\t<div class=\"elementor-field-type-textarea elementor-field-group elementor-column elementor-field-group-message elementor-col-100 elementor-field-required elementor-mark-required\">\n\t\t\t\t\t\t\t\t\t\t\t\t<label for=\"form-field-message\" class=\"elementor-field-label\">\n\t\t\t\t\t\t\t\tVotre message\t\t\t\t\t\t\t<\/label>\n\t\t\t\t\t\t<textarea class=\"elementor-field-textual elementor-field  elementor-size-sm\" name=\"form_fields[message]\" id=\"form-field-message\" rows=\"10\" required=\"required\"><\/textarea>\t\t\t\t<\/div>\n\t\t\t\t\t\t\t\t<div class=\"elementor-field-type-text elementor-field-group elementor-column elementor-field-group-name elementor-col-100 elementor-field-required elementor-mark-required\">\n\t\t\t\t\t\t\t\t\t\t\t\t<label for=\"form-field-name\" class=\"elementor-field-label\">\n\t\t\t\t\t\t\t\tVotre nom\t\t\t\t\t\t\t<\/label>\n\t\t\t\t\t\t\t\t\t\t\t\t\t\t<input size=\"1\" type=\"text\" name=\"form_fields[name]\" id=\"form-field-name\" class=\"elementor-field elementor-size-sm  elementor-field-textual\" required=\"required\">\n\t\t\t\t\t\t\t\t\t\t\t<\/div>\n\t\t\t\t\t\t\t\t<div class=\"elementor-field-type-text elementor-field-group elementor-column elementor-field-group-field_43f723d elementor-col-100\">\n\t\t\t\t\t\t\t\t\t\t\t\t<label for=\"form-field-field_43f723d\" class=\"elementor-field-label\">\n\t\t\t\t\t\t\t\tVotre pr\u00e9nom\t\t\t\t\t\t\t<\/label>\n\t\t\t\t\t\t\t\t\t\t\t\t\t\t<input size=\"1\" type=\"text\" name=\"form_fields[field_43f723d]\" id=\"form-field-field_43f723d\" class=\"elementor-field elementor-size-sm  elementor-field-textual\">\n\t\t\t\t\t\t\t\t\t\t\t<\/div>\n\t\t\t\t\t\t\t\t<div class=\"elementor-field-type-email elementor-field-group elementor-column elementor-field-group-email elementor-col-100 elementor-field-required elementor-mark-required\">\n\t\t\t\t\t\t\t\t\t\t\t\t<label for=\"form-field-email\" class=\"elementor-field-label\">\n\t\t\t\t\t\t\t\tVotre e-mail\t\t\t\t\t\t\t<\/label>\n\t\t\t\t\t\t\t\t\t\t\t\t\t\t<input size=\"1\" type=\"email\" name=\"form_fields[email]\" id=\"form-field-email\" class=\"elementor-field elementor-size-sm  elementor-field-textual\" required=\"required\">\n\t\t\t\t\t\t\t\t\t\t\t<\/div>\n\t\t\t\t\t\t\t\t<div class=\"elementor-field-group elementor-column elementor-field-type-submit elementor-col-100 e-form__buttons\">\n\t\t\t\t\t<button class=\"elementor-button elementor-size-sm\" type=\"submit\">\n\t\t\t\t\t\t<span class=\"elementor-button-content-wrapper\">\n\t\t\t\t\t\t\t\t\t\t\t\t\t\t\t\t\t\t\t\t\t\t<span class=\"elementor-button-text\">Envoyer<\/span>\n\t\t\t\t\t\t\t\t\t\t\t\t\t<\/span>\n\t\t\t\t\t<\/button>\n\t\t\t\t<\/div>\n\t\t\t<\/div>\n\t\t<\/form>\n\t\t\t\t\t\t<\/div>\n\t\t\t\t<\/div>\n\t\t\t\t\t<\/div>\n\t\t\t\t<\/div>\n\t\t<div class=\"elementor-element elementor-element-9fadbd2 e-flex e-con-boxed e-con e-parent\" data-id=\"9fadbd2\" data-element_type=\"container\" data-e-type=\"container\" data-settings=\"{&quot;background_background&quot;:&quot;classic&quot;}\">\n\t\t\t\t\t<div class=\"e-con-inner\">\n\t\t<div class=\"elementor-element elementor-element-70e8771 e-con-full e-flex e-con e-child\" data-id=\"70e8771\" data-element_type=\"container\" data-e-type=\"container\">\n\t\t<div class=\"elementor-element elementor-element-abac6d2 e-con-full e-flex e-con e-child\" data-id=\"abac6d2\" data-element_type=\"container\" data-e-type=\"container\" data-settings=\"{&quot;background_background&quot;:&quot;classic&quot;}\">\n\t\t<div class=\"elementor-element elementor-element-f111e60 e-con-full e-flex e-con e-child\" data-id=\"f111e60\" data-element_type=\"container\" data-e-type=\"container\" data-settings=\"{&quot;background_background&quot;:&quot;classic&quot;}\">\n\t\t\t\t<div class=\"elementor-element elementor-element-e27948b elementor-widget__width-initial elementor-widget elementor-widget-text-editor\" data-id=\"e27948b\" data-element_type=\"widget\" data-e-type=\"widget\" data-widget_type=\"text-editor.default\">\n\t\t\t\t\t\t\t\t\t<p>Recrutement<\/p>\t\t\t\t\t\t\t\t<\/div>\n\t\t\t\t<div class=\"elementor-element elementor-element-a37b63a elementor-position-inline-start elementor-widget__width-initial elementor-mobile-position-inline-start svg_fleche elementor-view-default elementor-widget elementor-widget-icon-box\" data-id=\"a37b63a\" data-element_type=\"widget\" data-e-type=\"widget\" id=\"form_recrutement\" data-widget_type=\"icon-box.default\">\n\t\t\t\t\t\t\t<div class=\"elementor-icon-box-wrapper\">\n\n\t\t\t\t\t\t<div class=\"elementor-icon-box-icon\">\n\t\t\t\t<a href=\"https:\/\/tally.so\/r\/q4BXZ9\" target=\"_blank\" class=\"elementor-icon\" tabindex=\"-1\" rel=\"noopener\">\n\t\t\t\t<svg xmlns=\"http:\/\/www.w3.org\/2000\/svg\" id=\"Calque_1\" data-name=\"Calque 1\" viewBox=\"0 0 20 20\"><defs><style>      .cls-1 {        fill: none;        stroke: #77d7ff;        stroke-linecap: round;        stroke-linejoin: round;        stroke-width: 1.5px;      }    <\/style><\/defs><g id=\"Groupe_163\" data-name=\"Groupe 163\"><g id=\"Groupe_160\" data-name=\"Groupe 160\"><circle id=\"Ellipse_16\" data-name=\"Ellipse 16\" class=\"cls-1\" cx=\"10.12\" cy=\"10.11\" r=\"8.45\"><\/circle><line id=\"Ligne_286\" data-name=\"Ligne 286\" class=\"cls-1\" x1=\"6.17\" y1=\"10.11\" x2=\"14.06\" y2=\"10.11\"><\/line><path id=\"Trac&#xE9;_81\" data-name=\"Trac&#xE9; 81\" class=\"cls-1\" d=\"M10.57,6.27l3.23,3.23c.34.34.34.89,0,1.23l-3.23,3.23\"><\/path><\/g><\/g><\/svg>\t\t\t\t<\/a>\n\t\t\t<\/div>\n\t\t\t\n\t\t\t\t\t\t<div class=\"elementor-icon-box-content\">\n\n\t\t\t\t\n\t\t\t\t\t\t\t\t\t<p class=\"elementor-icon-box-description\">\n\t\t\t\t\t\tPour toute demande de stage, candidature spontan\u00e9e, freelancing&nbsp;: veuillez remplir ce <span class=\"form_link\">formulaire<\/span>.\t\t\t\t\t<\/p>\n\t\t\t\t\n\t\t\t<\/div>\n\t\t\t\n\t\t<\/div>\n\t\t\t\t\t\t<\/div>\n\t\t\t\t<\/div>\n\t\t\t\t<\/div>\n\t\t\t\t<div class=\"elementor-element elementor-element-a70ffcd elementor-widget__width-initial elementor-widget elementor-widget-heading\" data-id=\"a70ffcd\" data-element_type=\"widget\" data-e-type=\"widget\" data-widget_type=\"heading.default\">\n\t\t\t\t\t<h2 class=\"elementor-heading-title elementor-size-default\">Nos adresses<\/h2>\t\t\t\t<\/div>\n\t\t<div class=\"elementor-element elementor-element-b7abc53 e-con-full e-flex e-con e-child\" data-id=\"b7abc53\" data-element_type=\"container\" data-e-type=\"container\">\n\t\t<div class=\"elementor-element elementor-element-f72176d e-con-full e-flex e-con e-child\" data-id=\"f72176d\" data-element_type=\"container\" data-e-type=\"container\">\n\t\t\t\t<div class=\"elementor-element elementor-element-33aa87d elementor-widget elementor-widget-image\" data-id=\"33aa87d\" data-element_type=\"widget\" data-e-type=\"widget\" data-widget_type=\"image.default\">\n\t\t\t\t\t\t\t\t\t\t\t\t\t\t\t<img decoding=\"async\" width=\"680\" height=\"380\" src=\"https:\/\/www.kraftdesign.eu\/wp-content\/uploads\/2026\/03\/tour-eiffel.jpg\" class=\"attachment-large size-large wp-image-1413\" alt=\"Eiffel Tower vue du sol avec ciel bleu et arbres en arri\u00e8re-plan.\" srcset=\"https:\/\/www.kraftdesign.eu\/wp-content\/uploads\/2026\/03\/tour-eiffel.jpg 680w, https:\/\/www.kraftdesign.eu\/wp-content\/uploads\/2026\/03\/tour-eiffel-300x168.jpg 300w, https:\/\/www.kraftdesign.eu\/wp-content\/uploads\/2026\/03\/tour-eiffel-18x10.jpg 18w\" sizes=\"(max-width: 680px) 100vw, 680px\" \/>\t\t\t\t\t\t\t\t\t\t\t\t\t\t\t<\/div>\n\t\t<div class=\"elementor-element elementor-element-acf7a1d e-con-full e-flex e-con e-child\" data-id=\"acf7a1d\" data-element_type=\"container\" data-e-type=\"container\">\n\t\t\t\t<div class=\"elementor-element elementor-element-8d18ba2 elementor-widget__width-initial elementor-widget elementor-widget-heading\" data-id=\"8d18ba2\" data-element_type=\"widget\" data-e-type=\"widget\" data-widget_type=\"heading.default\">\n\t\t\t\t\t<div class=\"elementor-heading-title elementor-size-default\">Kraft Design Paris<\/div>\t\t\t\t<\/div>\n\t\t\t\t<\/div>\n\t\t\t\t<div class=\"elementor-element elementor-element-4211b33 elementor-widget elementor-widget-text-editor\" data-id=\"4211b33\" data-element_type=\"widget\" data-e-type=\"widget\" data-widget_type=\"text-editor.default\">\n\t\t\t\t\t\t\t\t\t<p>Adresse administrative&nbsp;: <br \/>200 rue de la Croix-Nivert <br \/>75015 PARIS &#8211; France<\/p>\t\t\t\t\t\t\t\t<\/div>\n\t\t\t\t<\/div>\n\t\t<div class=\"elementor-element elementor-element-f8cb067 e-con-full e-flex e-con e-child\" data-id=\"f8cb067\" data-element_type=\"container\" data-e-type=\"container\">\n\t\t\t\t<div class=\"elementor-element elementor-element-f9b6098 elementor-widget elementor-widget-image\" data-id=\"f9b6098\" data-element_type=\"widget\" data-e-type=\"widget\" data-widget_type=\"image.default\">\n\t\t\t\t\t\t\t\t\t\t\t\t\t\t\t<img loading=\"lazy\" decoding=\"async\" width=\"680\" height=\"380\" src=\"https:\/\/www.kraftdesign.eu\/wp-content\/uploads\/2026\/03\/tokyo-tower-1-1.jpg\" class=\"attachment-large size-large wp-image-1414\" alt=\"Balcon et structure de la Tour Eiffel en gros plan contre un ciel bleu clair.\" srcset=\"https:\/\/www.kraftdesign.eu\/wp-content\/uploads\/2026\/03\/tokyo-tower-1-1.jpg 680w, https:\/\/www.kraftdesign.eu\/wp-content\/uploads\/2026\/03\/tokyo-tower-1-1-300x168.jpg 300w, https:\/\/www.kraftdesign.eu\/wp-content\/uploads\/2026\/03\/tokyo-tower-1-1-18x10.jpg 18w\" sizes=\"(max-width: 680px) 100vw, 680px\" \/>\t\t\t\t\t\t\t\t\t\t\t\t\t\t\t<\/div>\n\t\t<div class=\"elementor-element elementor-element-33407b6 e-con-full e-flex e-con e-child\" data-id=\"33407b6\" data-element_type=\"container\" data-e-type=\"container\">\n\t\t\t\t<div class=\"elementor-element elementor-element-8d0eb71 elementor-widget__width-initial elementor-widget elementor-widget-heading\" data-id=\"8d0eb71\" data-element_type=\"widget\" data-e-type=\"widget\" data-widget_type=\"heading.default\">\n\t\t\t\t\t<div class=\"elementor-heading-title elementor-size-default\">Kraft Design Japan<\/div>\t\t\t\t<\/div>\n\t\t\t\t<\/div>\n\t\t\t\t<div class=\"elementor-element elementor-element-ba5daec elementor-widget elementor-widget-text-editor\" data-id=\"ba5daec\" data-element_type=\"widget\" data-e-type=\"widget\" data-widget_type=\"text-editor.default\">\n\t\t\t\t\t\t\t\t\t<p>Bureau Japon&nbsp;: <br \/>Sakae, 1 Chome\u221211\u221215 2\u968e, <br \/>Nagoya, A\u00efchi &#8211; Japan<\/p>\t\t\t\t\t\t\t\t<\/div>\n\t\t\t\t<\/div>\n\t\t\t\t<\/div>\n\t\t\t\t<\/div>\n\t\t\t\t\t<\/div>\n\t\t\t\t<\/div>\n\t\t\t\t<\/div>\n\t\t","protected":false},"excerpt":{"rendered":"<p>\u00c9changez avec Kraft Design&nbsp;: agence de cr\u00e9ation print-first et \u00e9coresponsable. D\u00e9crivez votre projet, r\u00e9ponse garantie sous 48 h&hellip;<\/p>","protected":false},"author":1,"featured_media":0,"parent":0,"menu_order":0,"comment_status":"closed","ping_status":"closed","template":"","meta":{"_acf_changed":false,"footnotes":""},"class_list":["post-27","page","type-page","status-publish","hentry"],"acf":[],"_links":{"self":[{"href":"https:\/\/www.kraftdesign.eu\/en\/wp-json\/wp\/v2\/pages\/27","targetHints":{"allow":["GET"]}}],"collection":[{"href":"https:\/\/www.kraftdesign.eu\/en\/wp-json\/wp\/v2\/pages"}],"about":[{"href":"https:\/\/www.kraftdesign.eu\/en\/wp-json\/wp\/v2\/types\/page"}],"author":[{"embeddable":true,"href":"https:\/\/www.kraftdesign.eu\/en\/wp-json\/wp\/v2\/users\/1"}],"replies":[{"embeddable":true,"href":"https:\/\/www.kraftdesign.eu\/en\/wp-json\/wp\/v2\/comments?post=27"}],"version-history":[{"count":81,"href":"https:\/\/www.kraftdesign.eu\/en\/wp-json\/wp\/v2\/pages\/27\/revisions"}],"predecessor-version":[{"id":2146,"href":"https:\/\/www.kraftdesign.eu\/en\/wp-json\/wp\/v2\/pages\/27\/revisions\/2146"}],"wp:attachment":[{"href":"https:\/\/www.kraftdesign.eu\/en\/wp-json\/wp\/v2\/media?parent=27"}],"curies":[{"name":"wp","href":"https:\/\/api.w.org\/{rel}","templated":true}]}}