{"id":1606,"date":"2026-03-24T06:13:08","date_gmt":"2026-03-24T06:13:08","guid":{"rendered":"https:\/\/kraftdesign.apimixweb.fr\/?page_id=1606"},"modified":"2026-03-24T10:53:02","modified_gmt":"2026-03-24T10:53:02","slug":"mentions-legales","status":"publish","type":"page","link":"https:\/\/www.kraftdesign.eu\/ja\/mentions-legales\/","title":{"rendered":"\u6cd5\u7684\u60c5\u5831"},"content":{"rendered":"\t\t<div data-elementor-type=\"wp-page\" data-elementor-id=\"1606\" class=\"elementor elementor-1606\" data-elementor-post-type=\"page\">\n\t\t\t\t<div class=\"elementor-element elementor-element-8833017 e-con-full e-flex e-con e-parent\" data-id=\"8833017\" data-element_type=\"container\" data-e-type=\"container\" data-settings=\"{&quot;background_background&quot;:&quot;classic&quot;,&quot;position&quot;:&quot;relative&quot;}\">\n\t\t\t\t<div class=\"elementor-element elementor-element-6fd69c9 elementor-absolute elementor-widget elementor-widget-image\" data-id=\"6fd69c9\" data-element_type=\"widget\" data-e-type=\"widget\" data-settings=\"{&quot;_position&quot;:&quot;absolute&quot;,&quot;motion_fx_motion_fx_scrolling&quot;:&quot;yes&quot;,&quot;motion_fx_translateY_effect&quot;:&quot;yes&quot;,&quot;motion_fx_translateY_speed&quot;:{&quot;unit&quot;:&quot;px&quot;,&quot;size&quot;:10,&quot;sizes&quot;:[]},&quot;motion_fx_translateY_affectedRange&quot;:{&quot;unit&quot;:&quot;%&quot;,&quot;size&quot;:&quot;&quot;,&quot;sizes&quot;:{&quot;start&quot;:0,&quot;end&quot;:100}},&quot;motion_fx_devices&quot;:[&quot;desktop&quot;,&quot;tablet&quot;,&quot;mobile&quot;]}\" data-widget_type=\"image.default\">\n\t\t\t\t\t\t\t\t\t\t\t\t\t\t\t<img fetchpriority=\"high\" decoding=\"async\" width=\"710\" height=\"710\" src=\"https:\/\/www.kraftdesign.eu\/wp-content\/uploads\/2026\/03\/Symbole-KD-White-1.svg\" class=\"attachment-large size-large wp-image-257\" alt=\"\" \/>\t\t\t\t\t\t\t\t\t\t\t\t\t\t\t<\/div>\n\t\t<div class=\"elementor-element elementor-element-817c1b0 e-con-full e-flex e-con e-child\" data-id=\"817c1b0\" data-element_type=\"container\" data-e-type=\"container\">\n\t\t\t\t<div class=\"elementor-element elementor-element-ea76284 elementor-widget__width-initial elementor-widget elementor-widget-heading\" data-id=\"ea76284\" data-element_type=\"widget\" data-e-type=\"widget\" data-widget_type=\"heading.default\">\n\t\t\t\t\t<h1 class=\"elementor-heading-title elementor-size-default\">Mentions<br>l\u00e9gales<\/h1>\t\t\t\t<\/div>\n\t\t\t\t<\/div>\n\t\t\t\t<\/div>\n\t\t<div class=\"elementor-element elementor-element-7861ed1 e-flex e-con-boxed e-con e-parent\" data-id=\"7861ed1\" data-element_type=\"container\" data-e-type=\"container\">\n\t\t\t\t\t<div class=\"e-con-inner\">\n\t\t<div class=\"elementor-element elementor-element-b46e5db e-con-full e-flex e-con e-child\" data-id=\"b46e5db\" data-element_type=\"container\" data-e-type=\"container\">\n\t\t\t\t<div class=\"elementor-element elementor-element-a9095ad elementor-widget__width-initial elementor-widget elementor-widget-heading\" data-id=\"a9095ad\" data-element_type=\"widget\" data-e-type=\"widget\" data-widget_type=\"heading.default\">\n\t\t\t\t\t<h2 class=\"elementor-heading-title elementor-size-default\">\u00c9diteur du site<\/h2>\t\t\t\t<\/div>\n\t\t\t\t<div class=\"elementor-element elementor-element-205dc62 elementor-widget__width-initial elementor-widget elementor-widget-text-editor\" data-id=\"205dc62\" data-element_type=\"widget\" data-e-type=\"widget\" data-widget_type=\"text-editor.default\">\n\t\t\t\t\t\t\t\t\t<p class=\"p1\">Le site internet kraftdesign.eu est \u00e9dit\u00e9 par&nbsp;: <br \/>Kraft Design, SAS au capital de 10&nbsp;000&nbsp;euros.<\/p><p class=\"p1\">Si\u00e8ge social&nbsp;: 200 rue de la Croix Nivert, 75015 Paris, France<\/p><p class=\"p1\">SIRET&nbsp;: 94213546800018<br \/>RCS Paris &#8211; SIREN 942135468<\/p><p class=\"p1\">Directeur de publication&nbsp;: Antoine Montagne<\/p>\t\t\t\t\t\t\t\t<\/div>\n\t\t\t\t<\/div>\n\t\t\t\t\t<\/div>\n\t\t\t\t<\/div>\n\t\t<div class=\"elementor-element elementor-element-e6e52d0 e-flex e-con-boxed e-con e-parent\" data-id=\"e6e52d0\" data-element_type=\"container\" data-e-type=\"container\">\n\t\t\t\t\t<div class=\"e-con-inner\">\n\t\t<div class=\"elementor-element elementor-element-61ec3e5 e-con-full e-flex e-con e-child\" data-id=\"61ec3e5\" data-element_type=\"container\" data-e-type=\"container\">\n\t\t\t\t<div class=\"elementor-element elementor-element-1a804f4 elementor-widget__width-initial elementor-widget elementor-widget-heading\" data-id=\"1a804f4\" data-element_type=\"widget\" data-e-type=\"widget\" data-widget_type=\"heading.default\">\n\t\t\t\t\t<h2 class=\"elementor-heading-title elementor-size-default\">H\u00e9bergement<\/h2>\t\t\t\t<\/div>\n\t\t\t\t<div class=\"elementor-element elementor-element-3f41571 elementor-widget__width-initial elementor-widget elementor-widget-text-editor\" data-id=\"3f41571\" data-element_type=\"widget\" data-e-type=\"widget\" data-widget_type=\"text-editor.default\">\n\t\t\t\t\t\t\t\t\t<p class=\"p1\">Ce site est h\u00e9berg\u00e9 par&nbsp;: OVH<\/p><p class=\"p1\">Adresse&nbsp;: 2 rue Kellermann, 59100 Roubaix, France.<\/p>\t\t\t\t\t\t\t\t<\/div>\n\t\t\t\t<\/div>\n\t\t\t\t\t<\/div>\n\t\t\t\t<\/div>\n\t\t<div class=\"elementor-element elementor-element-a9569fd e-flex e-con-boxed e-con e-parent\" data-id=\"a9569fd\" data-element_type=\"container\" data-e-type=\"container\">\n\t\t\t\t\t<div class=\"e-con-inner\">\n\t\t<div class=\"elementor-element elementor-element-f69a408 e-con-full e-flex e-con e-child\" data-id=\"f69a408\" data-element_type=\"container\" data-e-type=\"container\">\n\t\t\t\t<div class=\"elementor-element elementor-element-788f67c elementor-widget__width-initial elementor-widget elementor-widget-heading\" data-id=\"788f67c\" data-element_type=\"widget\" data-e-type=\"widget\" data-widget_type=\"heading.default\">\n\t\t\t\t\t<h2 class=\"elementor-heading-title elementor-size-default\">Conditions d\u2019utilisation<\/h2>\t\t\t\t<\/div>\n\t\t\t\t<div class=\"elementor-element elementor-element-d40b251 elementor-widget__width-initial elementor-widget elementor-widget-text-editor\" data-id=\"d40b251\" data-element_type=\"widget\" data-e-type=\"widget\" data-widget_type=\"text-editor.default\">\n\t\t\t\t\t\t\t\t\t<p class=\"p1\">L\u2019acc\u00e8s et l\u2019utilisation du site kraftdesign.fr sont soumis aux pr\u00e9sentes mentions l\u00e9gales. Le site est accessible gratuitement, \u00e0 l\u2019exclusion des co\u00fbts de connexion support\u00e9s par l\u2019utilisateur.<\/p><p class=\"p1\">Toute reproduction, repr\u00e9sentation ou diffusion totale ou partielle du contenu de ce site (textes, images, logos, ic\u00f4nes, sons, etc.) par quelque moyen que ce soit est interdite sans l\u2019autorisation expresse et pr\u00e9alable de Kraft Design.<\/p><p class=\"p1\">Kraft Design s\u2019efforce de fournir des informations pr\u00e9cises et mises \u00e0 jour, mais ne peut garantir l\u2019exhaustivit\u00e9 ou l\u2019absence d\u2019erreur. Les informations diffus\u00e9es sont indicatives et non exhaustives.<\/p><p class=\"p1\">Kraft Design d\u00e9cline toute responsabilit\u00e9 quant aux dommages directs ou indirects r\u00e9sultant de l\u2019utilisation du site ou de l\u2019impossibilit\u00e9 d\u2019y acc\u00e9der.<\/p>\t\t\t\t\t\t\t\t<\/div>\n\t\t\t\t<\/div>\n\t\t\t\t\t<\/div>\n\t\t\t\t<\/div>\n\t\t<div class=\"elementor-element elementor-element-62b0524 e-flex e-con-boxed e-con e-parent\" data-id=\"62b0524\" data-element_type=\"container\" data-e-type=\"container\">\n\t\t\t\t\t<div class=\"e-con-inner\">\n\t\t<div class=\"elementor-element elementor-element-c52ba80 e-con-full e-flex e-con e-child\" data-id=\"c52ba80\" data-element_type=\"container\" data-e-type=\"container\">\n\t\t\t\t<div class=\"elementor-element elementor-element-c971d34 elementor-widget__width-initial elementor-widget elementor-widget-heading\" data-id=\"c971d34\" data-element_type=\"widget\" data-e-type=\"widget\" data-widget_type=\"heading.default\">\n\t\t\t\t\t<h2 class=\"elementor-heading-title elementor-size-default\">Propri\u00e9t\u00e9 intellectuelle<\/h2>\t\t\t\t<\/div>\n\t\t\t\t<div class=\"elementor-element elementor-element-4a59e48 elementor-widget__width-initial elementor-widget elementor-widget-text-editor\" data-id=\"4a59e48\" data-element_type=\"widget\" data-e-type=\"widget\" data-widget_type=\"text-editor.default\">\n\t\t\t\t\t\t\t\t\t<p class=\"p1\">Tous les contenus pr\u00e9sents sur le site (textes, images, graphismes, logos, etc.) sont la propri\u00e9t\u00e9 exclusive de Kraft Design ou de ses partenaires, sauf mention contraire. Toute utilisation non autoris\u00e9e constitue une contrefa\u00e7on passible de sanctions p\u00e9nales (art. L.335-2 et suivants du Code de la propri\u00e9t\u00e9 intellectuelle).<\/p>\t\t\t\t\t\t\t\t<\/div>\n\t\t\t\t<\/div>\n\t\t\t\t\t<\/div>\n\t\t\t\t<\/div>\n\t\t<div class=\"elementor-element elementor-element-7dfa7e4 e-flex e-con-boxed e-con e-parent\" data-id=\"7dfa7e4\" data-element_type=\"container\" data-e-type=\"container\">\n\t\t\t\t\t<div class=\"e-con-inner\">\n\t\t<div class=\"elementor-element elementor-element-8fc6b46 e-con-full e-flex e-con e-child\" data-id=\"8fc6b46\" data-element_type=\"container\" data-e-type=\"container\">\n\t\t\t\t<div class=\"elementor-element elementor-element-0e97c40 elementor-widget__width-initial elementor-widget elementor-widget-heading\" data-id=\"0e97c40\" data-element_type=\"widget\" data-e-type=\"widget\" data-widget_type=\"heading.default\">\n\t\t\t\t\t<h2 class=\"elementor-heading-title elementor-size-default\">Liens hypertextes<\/h2>\t\t\t\t<\/div>\n\t\t\t\t<div class=\"elementor-element elementor-element-5675365 elementor-widget__width-initial elementor-widget elementor-widget-text-editor\" data-id=\"5675365\" data-element_type=\"widget\" data-e-type=\"widget\" data-widget_type=\"text-editor.default\">\n\t\t\t\t\t\t\t\t\t<p class=\"p1\">La cr\u00e9ation de liens vers le site kraftdesign.eu est soumise \u00e0 autorisation pr\u00e9alable. Kraft Design ne saurait \u00eatre tenue responsable du contenu des sites externes li\u00e9s depuis son site.<\/p>\t\t\t\t\t\t\t\t<\/div>\n\t\t\t\t<\/div>\n\t\t\t\t\t<\/div>\n\t\t\t\t<\/div>\n\t\t<div class=\"elementor-element elementor-element-2163667 e-flex e-con-boxed e-con e-parent\" data-id=\"2163667\" data-element_type=\"container\" data-e-type=\"container\">\n\t\t\t\t\t<div class=\"e-con-inner\">\n\t\t<div class=\"elementor-element elementor-element-26d0056 e-con-full e-flex e-con e-child\" data-id=\"26d0056\" data-element_type=\"container\" data-e-type=\"container\">\n\t\t\t\t<div class=\"elementor-element elementor-element-8f6fcce elementor-widget__width-initial elementor-widget elementor-widget-heading\" data-id=\"8f6fcce\" data-element_type=\"widget\" data-e-type=\"widget\" data-widget_type=\"heading.default\">\n\t\t\t\t\t<h2 class=\"elementor-heading-title elementor-size-default\">Cookies<\/h2>\t\t\t\t<\/div>\n\t\t\t\t<div class=\"elementor-element elementor-element-19c9085 elementor-widget__width-initial elementor-widget elementor-widget-text-editor\" data-id=\"19c9085\" data-element_type=\"widget\" data-e-type=\"widget\" data-widget_type=\"text-editor.default\">\n\t\t\t\t\t\t\t\t\t<p class=\"p1\">Ce site utilise des cookies pour am\u00e9liorer l\u2019exp\u00e9rience utilisateur et analyser le trafic. Vous pouvez d\u00e9sactiver les cookies via les param\u00e8tres de votre navigateur. Pour en savoir plus, consultez notre Politique de protection des donn\u00e9es.<\/p>\t\t\t\t\t\t\t\t<\/div>\n\t\t\t\t<\/div>\n\t\t\t\t\t<\/div>\n\t\t\t\t<\/div>\n\t\t<div class=\"elementor-element elementor-element-7a479f7 e-flex e-con-boxed e-con e-parent\" data-id=\"7a479f7\" data-element_type=\"container\" data-e-type=\"container\">\n\t\t\t\t\t<div class=\"e-con-inner\">\n\t\t<div class=\"elementor-element elementor-element-86fdf82 e-con-full e-flex e-con e-child\" data-id=\"86fdf82\" data-element_type=\"container\" data-e-type=\"container\">\n\t\t\t\t<div class=\"elementor-element elementor-element-be4d749 elementor-widget__width-initial elementor-widget elementor-widget-heading\" data-id=\"be4d749\" data-element_type=\"widget\" data-e-type=\"widget\" data-widget_type=\"heading.default\">\n\t\t\t\t\t<h2 class=\"elementor-heading-title elementor-size-default\">Droit applicable<\/h2>\t\t\t\t<\/div>\n\t\t\t\t<div class=\"elementor-element elementor-element-68873a9 elementor-widget__width-initial elementor-widget elementor-widget-text-editor\" data-id=\"68873a9\" data-element_type=\"widget\" data-e-type=\"widget\" data-widget_type=\"text-editor.default\">\n\t\t\t\t\t\t\t\t\t<p class=\"p1\">Les pr\u00e9sentes mentions l\u00e9gales sont r\u00e9gies par le droit fran\u00e7ais.<\/p><p class=\"p1\">Tout litige relatif \u00e0 l\u2019utilisation du site sera soumis aux tribunaux comp\u00e9tents de Paris.<\/p>\t\t\t\t\t\t\t\t<\/div>\n\t\t\t\t<\/div>\n\t\t\t\t\t<\/div>\n\t\t\t\t<\/div>\n\t\t<div class=\"elementor-element elementor-element-520bc19 e-flex e-con-boxed e-con e-parent\" data-id=\"520bc19\" data-element_type=\"container\" data-e-type=\"container\">\n\t\t\t\t\t<div class=\"e-con-inner\">\n\t\t<div class=\"elementor-element elementor-element-372353b e-con-full e-flex e-con e-child\" data-id=\"372353b\" data-element_type=\"container\" data-e-type=\"container\">\n\t\t\t\t<div class=\"elementor-element elementor-element-4211ae3 elementor-widget__width-initial elementor-widget elementor-widget-heading\" data-id=\"4211ae3\" data-element_type=\"widget\" data-e-type=\"widget\" data-widget_type=\"heading.default\">\n\t\t\t\t\t<h2 class=\"elementor-heading-title elementor-size-default\">Contact<\/h2>\t\t\t\t<\/div>\n\t\t\t\t<div class=\"elementor-element elementor-element-cf93476 elementor-widget__width-initial elementor-widget elementor-widget-text-editor\" data-id=\"cf93476\" data-element_type=\"widget\" data-e-type=\"widget\" data-widget_type=\"text-editor.default\">\n\t\t\t\t\t\t\t\t\t<p class=\"p1\">Pour toute question&nbsp;:<\/p><p class=\"p1\">Kraft Design, 200 rue de la Croix Nivert, 75015 Paris, France<\/p><p class=\"p1\">Email&nbsp;: <a href=\"mailto:contact@kraftdesign.eu\">contact@kraftdesign.eu<\/a><\/p>\t\t\t\t\t\t\t\t<\/div>\n\t\t\t\t<\/div>\n\t\t\t\t\t<\/div>\n\t\t\t\t<\/div>\n\t\t\t\t<\/div>\n\t\t","protected":false},"excerpt":{"rendered":"<p>Mentionsl\u00e9gales \u00c9diteur du site Le site internet kraftdesign.eu est \u00e9dit\u00e9 par&nbsp;: Kraft Design, SAS au capital de 10&nbsp;000&nbsp;euros. Si\u00e8ge social&nbsp;: 200 rue de la Croix Nivert, 75015 Paris, France SIRET&nbsp;: 94213546800018RCS Paris &#8211; SIREN 942135468 Directeur de publication&nbsp;: Antoine Montagne H\u00e9bergement Ce site est h\u00e9berg\u00e9 par&nbsp;: OVH Adresse&nbsp;: 2 rue Kellermann, 59100 Roubaix, France. Conditions d\u2019utilisation L\u2019acc\u00e8s et l\u2019utilisation du site kraftdesign.fr sont soumis aux pr\u00e9sentes mentions l\u00e9gales. Le site est accessible gratuitement, \u00e0 l\u2019exclusion des co\u00fbts de connexion support\u00e9s par l\u2019utilisateur. Toute reproduction, repr\u00e9sentation ou diffusion totale ou partielle du contenu de ce site (textes, images, logos, ic\u00f4nes, sons, etc.) par quelque moyen que ce soit est interdite sans&hellip;&hellip;<\/p>","protected":false},"author":1,"featured_media":0,"parent":0,"menu_order":0,"comment_status":"closed","ping_status":"closed","template":"","meta":{"_acf_changed":false,"footnotes":""},"class_list":["post-1606","page","type-page","status-publish","hentry"],"acf":[],"_links":{"self":[{"href":"https:\/\/www.kraftdesign.eu\/ja\/wp-json\/wp\/v2\/pages\/1606","targetHints":{"allow":["GET"]}}],"collection":[{"href":"https:\/\/www.kraftdesign.eu\/ja\/wp-json\/wp\/v2\/pages"}],"about":[{"href":"https:\/\/www.kraftdesign.eu\/ja\/wp-json\/wp\/v2\/types\/page"}],"author":[{"embeddable":true,"href":"https:\/\/www.kraftdesign.eu\/ja\/wp-json\/wp\/v2\/users\/1"}],"replies":[{"embeddable":true,"href":"https:\/\/www.kraftdesign.eu\/ja\/wp-json\/wp\/v2\/comments?post=1606"}],"version-history":[{"count":13,"href":"https:\/\/www.kraftdesign.eu\/ja\/wp-json\/wp\/v2\/pages\/1606\/revisions"}],"predecessor-version":[{"id":1726,"href":"https:\/\/www.kraftdesign.eu\/ja\/wp-json\/wp\/v2\/pages\/1606\/revisions\/1726"}],"wp:attachment":[{"href":"https:\/\/www.kraftdesign.eu\/ja\/wp-json\/wp\/v2\/media?parent=1606"}],"curies":[{"name":"wp","href":"https:\/\/api.w.org\/{rel}","templated":true}]}}