{"id":1608,"date":"2026-03-24T06:13:31","date_gmt":"2026-03-24T06:13:31","guid":{"rendered":"https:\/\/kraftdesign.apimixweb.fr\/?page_id=1608"},"modified":"2026-03-24T10:53:32","modified_gmt":"2026-03-24T10:53:32","slug":"protection-des-donnees","status":"publish","type":"page","link":"https:\/\/www.kraftdesign.eu\/ja\/protection-des-donnees\/","title":{"rendered":"\u30c7\u30fc\u30bf\u4fdd\u8b77"},"content":{"rendered":"\t\t<div data-elementor-type=\"wp-page\" data-elementor-id=\"1608\" class=\"elementor elementor-1608\" data-elementor-post-type=\"page\">\n\t\t\t\t<div class=\"elementor-element elementor-element-9ba12a1 e-con-full e-flex e-con e-parent\" data-id=\"9ba12a1\" data-element_type=\"container\" data-e-type=\"container\" data-settings=\"{&quot;background_background&quot;:&quot;classic&quot;,&quot;position&quot;:&quot;relative&quot;}\">\n\t\t\t\t<div class=\"elementor-element elementor-element-71a1c5d elementor-absolute elementor-widget elementor-widget-image\" data-id=\"71a1c5d\" data-element_type=\"widget\" data-e-type=\"widget\" data-settings=\"{&quot;_position&quot;:&quot;absolute&quot;,&quot;motion_fx_motion_fx_scrolling&quot;:&quot;yes&quot;,&quot;motion_fx_translateY_effect&quot;:&quot;yes&quot;,&quot;motion_fx_translateY_speed&quot;:{&quot;unit&quot;:&quot;px&quot;,&quot;size&quot;:10,&quot;sizes&quot;:[]},&quot;motion_fx_translateY_affectedRange&quot;:{&quot;unit&quot;:&quot;%&quot;,&quot;size&quot;:&quot;&quot;,&quot;sizes&quot;:{&quot;start&quot;:0,&quot;end&quot;:100}},&quot;motion_fx_devices&quot;:[&quot;desktop&quot;,&quot;tablet&quot;,&quot;mobile&quot;]}\" data-widget_type=\"image.default\">\n\t\t\t\t\t\t\t\t\t\t\t\t\t\t\t<img fetchpriority=\"high\" decoding=\"async\" width=\"710\" height=\"710\" src=\"https:\/\/www.kraftdesign.eu\/wp-content\/uploads\/2026\/03\/Symbole-KD-White-1.svg\" class=\"attachment-large size-large wp-image-257\" alt=\"\" \/>\t\t\t\t\t\t\t\t\t\t\t\t\t\t\t<\/div>\n\t\t<div class=\"elementor-element elementor-element-ba08bdf e-con-full e-flex e-con e-child\" data-id=\"ba08bdf\" data-element_type=\"container\" data-e-type=\"container\">\n\t\t\t\t<div class=\"elementor-element elementor-element-41afe23 elementor-widget__width-initial elementor-widget elementor-widget-heading\" data-id=\"41afe23\" data-element_type=\"widget\" data-e-type=\"widget\" data-widget_type=\"heading.default\">\n\t\t\t\t\t<h1 class=\"elementor-heading-title elementor-size-default\">Protection<br \/>des donn\u00e9es<\/h1>\t\t\t\t<\/div>\n\t\t\t\t<\/div>\n\t\t\t\t<\/div>\n\t\t<div class=\"elementor-element elementor-element-37df09e e-flex e-con-boxed e-con e-parent\" data-id=\"37df09e\" data-element_type=\"container\" data-e-type=\"container\">\n\t\t\t\t\t<div class=\"e-con-inner\">\n\t\t<div class=\"elementor-element elementor-element-06479f6 e-con-full e-flex e-con e-child\" data-id=\"06479f6\" data-element_type=\"container\" data-e-type=\"container\">\n\t\t\t\t<div class=\"elementor-element elementor-element-1f3c736 elementor-widget__width-initial elementor-widget elementor-widget-heading\" data-id=\"1f3c736\" data-element_type=\"widget\" data-e-type=\"widget\" data-widget_type=\"heading.default\">\n\t\t\t\t\t<h2 class=\"elementor-heading-title elementor-size-default\">Responsable du traitement<\/h2>\t\t\t\t<\/div>\n\t\t\t\t<div class=\"elementor-element elementor-element-08e4259 elementor-widget__width-initial elementor-widget elementor-widget-text-editor\" data-id=\"08e4259\" data-element_type=\"widget\" data-e-type=\"widget\" data-widget_type=\"text-editor.default\">\n\t\t\t\t\t\t\t\t\t<p class=\"p1\">Les donn\u00e9es personnelles collect\u00e9es sur ce site sont trait\u00e9es par Kraft Design<br \/>Si\u00e8ge social&nbsp;: 200 rue de la Croix Nivert, 75015 Paris, France<\/p>\t\t\t\t\t\t\t\t<\/div>\n\t\t\t\t<\/div>\n\t\t\t\t\t<\/div>\n\t\t\t\t<\/div>\n\t\t<div class=\"elementor-element elementor-element-68faa44 e-flex e-con-boxed e-con e-parent\" data-id=\"68faa44\" data-element_type=\"container\" data-e-type=\"container\">\n\t\t\t\t\t<div class=\"e-con-inner\">\n\t\t<div class=\"elementor-element elementor-element-936f5f6 e-con-full e-flex e-con e-child\" data-id=\"936f5f6\" data-element_type=\"container\" data-e-type=\"container\">\n\t\t\t\t<div class=\"elementor-element elementor-element-a35b76e elementor-widget__width-initial elementor-widget elementor-widget-heading\" data-id=\"a35b76e\" data-element_type=\"widget\" data-e-type=\"widget\" data-widget_type=\"heading.default\">\n\t\t\t\t\t<h2 class=\"elementor-heading-title elementor-size-default\">Donn\u00e9es collect\u00e9es et finalit\u00e9s<\/h2>\t\t\t\t<\/div>\n\t\t\t\t<div class=\"elementor-element elementor-element-08ccb1a elementor-widget__width-initial elementor-widget elementor-widget-text-editor\" data-id=\"08ccb1a\" data-element_type=\"widget\" data-e-type=\"widget\" data-widget_type=\"text-editor.default\">\n\t\t\t\t\t\t\t\t\t<p class=\"p1\">Nous collectons vos donn\u00e9es personnelles via&nbsp;:<\/p><p class=\"p1\"><span class=\"Apple-tab-span\"> <\/span>\u2022 Les formulaires de contact (nom, email, message) pour r\u00e9pondre \u00e0 vos demandes.<\/p><p class=\"p1\"><span class=\"Apple-tab-span\"> <\/span>\u2022 Les cookies (voir section d\u00e9di\u00e9e) pour analyser le trafic et am\u00e9liorer votre exp\u00e9rience.<\/p><p class=\"p1\"><span class=\"Apple-tab-span\"> <\/span>\u2022 Les interactions sur le site (ex&nbsp;: t\u00e9l\u00e9chargements, inscriptions \u00e0 la newsletter).<\/p>\t\t\t\t\t\t\t\t<\/div>\n\t\t\t\t<\/div>\n\t\t\t\t\t<\/div>\n\t\t\t\t<\/div>\n\t\t<div class=\"elementor-element elementor-element-f3aa7e3 e-flex e-con-boxed e-con e-parent\" data-id=\"f3aa7e3\" data-element_type=\"container\" data-e-type=\"container\">\n\t\t\t\t\t<div class=\"e-con-inner\">\n\t\t<div class=\"elementor-element elementor-element-2efc5e7 e-con-full e-flex e-con e-child\" data-id=\"2efc5e7\" data-element_type=\"container\" data-e-type=\"container\">\n\t\t\t\t<div class=\"elementor-element elementor-element-15d09dc elementor-widget__width-initial elementor-widget elementor-widget-heading\" data-id=\"15d09dc\" data-element_type=\"widget\" data-e-type=\"widget\" data-widget_type=\"heading.default\">\n\t\t\t\t\t<h2 class=\"elementor-heading-title elementor-size-default\">Base l\u00e9gale<\/h2>\t\t\t\t<\/div>\n\t\t\t\t<div class=\"elementor-element elementor-element-d11e0da elementor-widget__width-initial elementor-widget elementor-widget-text-editor\" data-id=\"d11e0da\" data-element_type=\"widget\" data-e-type=\"widget\" data-widget_type=\"text-editor.default\">\n\t\t\t\t\t\t\t\t\t<p class=\"p1\">Le traitement de vos donn\u00e9es repose sur&nbsp;:<\/p><p class=\"p1\"><span class=\"Apple-tab-span\"> <\/span>\u2022 Votre consentement (ex&nbsp;: cookies, newsletter).<\/p><p class=\"p1\"><span class=\"Apple-tab-span\"> <\/span>\u2022 L\u2019ex\u00e9cution d\u2019un contrat (ex&nbsp;: devis, prestations).<\/p><p class=\"p1\"><span class=\"Apple-tab-span\"> <\/span>\u2022 Notre int\u00e9r\u00eat l\u00e9gitime (ex&nbsp;: am\u00e9lioration de nos services).<\/p>\t\t\t\t\t\t\t\t<\/div>\n\t\t\t\t<\/div>\n\t\t\t\t\t<\/div>\n\t\t\t\t<\/div>\n\t\t<div class=\"elementor-element elementor-element-51fae4f e-flex e-con-boxed e-con e-parent\" data-id=\"51fae4f\" data-element_type=\"container\" data-e-type=\"container\">\n\t\t\t\t\t<div class=\"e-con-inner\">\n\t\t<div class=\"elementor-element elementor-element-6c90973 e-con-full e-flex e-con e-child\" data-id=\"6c90973\" data-element_type=\"container\" data-e-type=\"container\">\n\t\t\t\t<div class=\"elementor-element elementor-element-88aff8d elementor-widget__width-initial elementor-widget elementor-widget-heading\" data-id=\"88aff8d\" data-element_type=\"widget\" data-e-type=\"widget\" data-widget_type=\"heading.default\">\n\t\t\t\t\t<h2 class=\"elementor-heading-title elementor-size-default\">Destinataires des donn\u00e9es<\/h2>\t\t\t\t<\/div>\n\t\t\t\t<div class=\"elementor-element elementor-element-6761888 elementor-widget__width-initial elementor-widget elementor-widget-text-editor\" data-id=\"6761888\" data-element_type=\"widget\" data-e-type=\"widget\" data-widget_type=\"text-editor.default\">\n\t\t\t\t\t\t\t\t\t<p class=\"p1\">Vos donn\u00e9es sont destin\u00e9es \u00e0 Kraft Design et, le cas \u00e9ch\u00e9ant, \u00e0 nos sous-traitants situ\u00e9s dans l\u2019Union europ\u00e9enne ou dans des pays offrant un niveau de protection ad\u00e9quat.<\/p>\t\t\t\t\t\t\t\t<\/div>\n\t\t\t\t<\/div>\n\t\t\t\t\t<\/div>\n\t\t\t\t<\/div>\n\t\t<div class=\"elementor-element elementor-element-5ea1dee e-flex e-con-boxed e-con e-parent\" data-id=\"5ea1dee\" data-element_type=\"container\" data-e-type=\"container\">\n\t\t\t\t\t<div class=\"e-con-inner\">\n\t\t<div class=\"elementor-element elementor-element-50209b4 e-con-full e-flex e-con e-child\" data-id=\"50209b4\" data-element_type=\"container\" data-e-type=\"container\">\n\t\t\t\t<div class=\"elementor-element elementor-element-d40a2a7 elementor-widget__width-initial elementor-widget elementor-widget-heading\" data-id=\"d40a2a7\" data-element_type=\"widget\" data-e-type=\"widget\" data-widget_type=\"heading.default\">\n\t\t\t\t\t<h2 class=\"elementor-heading-title elementor-size-default\">Dur\u00e9e de conservation<\/h2>\t\t\t\t<\/div>\n\t\t\t\t<div class=\"elementor-element elementor-element-b54004d elementor-widget__width-initial elementor-widget elementor-widget-text-editor\" data-id=\"b54004d\" data-element_type=\"widget\" data-e-type=\"widget\" data-widget_type=\"text-editor.default\">\n\t\t\t\t\t\t\t\t\t<p class=\"p1\">Vos donn\u00e9es sont conserv\u00e9es pendant&nbsp;:<\/p><p class=\"p1\"><span class=\"Apple-tab-span\"> <\/span>\u2022 3 ans pour les prospects (\u00e0 partir du dernier contact).<\/p><p class=\"p1\"><span class=\"Apple-tab-span\"> <\/span>\u2022 La dur\u00e9e de la relation commerciale + [5] ans pour les clients.<\/p><p class=\"p1\"><span class=\"Apple-tab-span\"> <\/span>\u2022 12 mois pour les cookies (sauf retrait de votre consentement).<\/p>\t\t\t\t\t\t\t\t<\/div>\n\t\t\t\t<\/div>\n\t\t\t\t\t<\/div>\n\t\t\t\t<\/div>\n\t\t<div class=\"elementor-element elementor-element-569c598 e-flex e-con-boxed e-con e-parent\" data-id=\"569c598\" data-element_type=\"container\" data-e-type=\"container\">\n\t\t\t\t\t<div class=\"e-con-inner\">\n\t\t<div class=\"elementor-element elementor-element-4d9c345 e-con-full e-flex e-con e-child\" data-id=\"4d9c345\" data-element_type=\"container\" data-e-type=\"container\">\n\t\t\t\t<div class=\"elementor-element elementor-element-49bd509 elementor-widget__width-initial elementor-widget elementor-widget-heading\" data-id=\"49bd509\" data-element_type=\"widget\" data-e-type=\"widget\" data-widget_type=\"heading.default\">\n\t\t\t\t\t<h2 class=\"elementor-heading-title elementor-size-default\">Vos droits<\/h2>\t\t\t\t<\/div>\n\t\t\t\t<div class=\"elementor-element elementor-element-d8e3bdb elementor-widget__width-initial elementor-widget elementor-widget-text-editor\" data-id=\"d8e3bdb\" data-element_type=\"widget\" data-e-type=\"widget\" data-widget_type=\"text-editor.default\">\n\t\t\t\t\t\t\t\t\t<p class=\"p1\">Conform\u00e9ment au RGPD, vous disposez des droits suivants&nbsp;:<\/p><p class=\"p1\"><span class=\"Apple-tab-span\"> <\/span>\u2022 Acc\u00e8s, rectification ou effacement de vos donn\u00e9es.<\/p><p class=\"p1\"><span class=\"Apple-tab-span\"> <\/span>\u2022 Opposition ou limitation du traitement.<\/p><p class=\"p1\"><span class=\"Apple-tab-span\"> <\/span>\u2022 Portabilit\u00e9 de vos donn\u00e9es.<\/p><p class=\"p1\"><span class=\"Apple-tab-span\"> <\/span>\u2022 Retrait de votre consentement \u00e0 tout moment.<\/p><p class=\"p1\">Pour exercer ces droits, contactez-nous \u00e0&nbsp;: contact@kraftdesign.eu<br \/>Vous pouvez \u00e9galement introduire une r\u00e9clamation aupr\u00e8s de la CNIL (www.cnil.fr).<\/p>\t\t\t\t\t\t\t\t<\/div>\n\t\t\t\t<\/div>\n\t\t\t\t\t<\/div>\n\t\t\t\t<\/div>\n\t\t<div class=\"elementor-element elementor-element-7c7b605 e-flex e-con-boxed e-con e-parent\" data-id=\"7c7b605\" data-element_type=\"container\" data-e-type=\"container\">\n\t\t\t\t\t<div class=\"e-con-inner\">\n\t\t<div class=\"elementor-element elementor-element-6a86ea0 e-con-full e-flex e-con e-child\" data-id=\"6a86ea0\" data-element_type=\"container\" data-e-type=\"container\">\n\t\t\t\t<div class=\"elementor-element elementor-element-0a4751f elementor-widget__width-initial elementor-widget elementor-widget-heading\" data-id=\"0a4751f\" data-element_type=\"widget\" data-e-type=\"widget\" data-widget_type=\"heading.default\">\n\t\t\t\t\t<h2 class=\"elementor-heading-title elementor-size-default\">S\u00e9curit\u00e9 des donn\u00e9es<\/h2>\t\t\t\t<\/div>\n\t\t\t\t<div class=\"elementor-element elementor-element-a5bb160 elementor-widget__width-initial elementor-widget elementor-widget-text-editor\" data-id=\"a5bb160\" data-element_type=\"widget\" data-e-type=\"widget\" data-widget_type=\"text-editor.default\">\n\t\t\t\t\t\t\t\t\t<p class=\"p1\">Nous mettons en \u0153uvre des mesures techniques et organisationnelles pour prot\u00e9ger vos donn\u00e9es contre toute perte, alt\u00e9ration ou acc\u00e8s non autoris\u00e9.<\/p>\t\t\t\t\t\t\t\t<\/div>\n\t\t\t\t<\/div>\n\t\t\t\t\t<\/div>\n\t\t\t\t<\/div>\n\t\t<div class=\"elementor-element elementor-element-982abfc e-flex e-con-boxed e-con e-parent\" data-id=\"982abfc\" data-element_type=\"container\" data-e-type=\"container\">\n\t\t\t\t\t<div class=\"e-con-inner\">\n\t\t<div class=\"elementor-element elementor-element-ee89625 e-con-full e-flex e-con e-child\" data-id=\"ee89625\" data-element_type=\"container\" data-e-type=\"container\">\n\t\t\t\t<div class=\"elementor-element elementor-element-ba16413 elementor-widget__width-initial elementor-widget elementor-widget-heading\" data-id=\"ba16413\" data-element_type=\"widget\" data-e-type=\"widget\" data-widget_type=\"heading.default\">\n\t\t\t\t\t<h2 class=\"elementor-heading-title elementor-size-default\">Cookies<\/h2>\t\t\t\t<\/div>\n\t\t\t\t<div class=\"elementor-element elementor-element-85f0f77 elementor-widget__width-initial elementor-widget elementor-widget-text-editor\" data-id=\"85f0f77\" data-element_type=\"widget\" data-e-type=\"widget\" data-widget_type=\"text-editor.default\">\n\t\t\t\t\t\t\t\t\t<p class=\"p1\">Nous utilisons des cookies pour&nbsp;:<\/p><p class=\"p1\"><span class=\"Apple-tab-span\"> <\/span>\u2022 Analyser le trafic (ex&nbsp;: Google Analytics).<\/p><p class=\"p1\"><span class=\"Apple-tab-span\"> <\/span>\u2022 Am\u00e9liorer votre exp\u00e9rience (ex&nbsp;: m\u00e9morisation des pr\u00e9f\u00e9rences).<\/p><p class=\"p1\">Vous pouvez&nbsp;:<\/p><p class=\"p1\"><span class=\"Apple-tab-span\"> <\/span>\u2022 Accepter ou refuser les cookies via notre banni\u00e8re.<\/p><p class=\"p1\"><span class=\"Apple-tab-span\"> <\/span>\u2022 G\u00e9rer les cookies via les param\u00e8tres de votre navigateur.<\/p>\t\t\t\t\t\t\t\t<\/div>\n\t\t\t\t<\/div>\n\t\t\t\t\t<\/div>\n\t\t\t\t<\/div>\n\t\t<div class=\"elementor-element elementor-element-b8c8b23 e-flex e-con-boxed e-con e-parent\" data-id=\"b8c8b23\" data-element_type=\"container\" data-e-type=\"container\">\n\t\t\t\t\t<div class=\"e-con-inner\">\n\t\t<div class=\"elementor-element elementor-element-4fa1418 e-con-full e-flex e-con e-child\" data-id=\"4fa1418\" data-element_type=\"container\" data-e-type=\"container\">\n\t\t\t\t<div class=\"elementor-element elementor-element-9492f40 elementor-widget__width-initial elementor-widget elementor-widget-heading\" data-id=\"9492f40\" data-element_type=\"widget\" data-e-type=\"widget\" data-widget_type=\"heading.default\">\n\t\t\t\t\t<h2 class=\"elementor-heading-title elementor-size-default\">Contact<\/h2>\t\t\t\t<\/div>\n\t\t\t\t<div class=\"elementor-element elementor-element-af1486d elementor-widget__width-initial elementor-widget elementor-widget-text-editor\" data-id=\"af1486d\" data-element_type=\"widget\" data-e-type=\"widget\" data-widget_type=\"text-editor.default\">\n\t\t\t\t\t\t\t\t\t<p class=\"p1\">Pour toute question relative \u00e0 vos donn\u00e9es&nbsp;: <a href=\"mailto:contact@kraftdesign.eu\">contact@kraftdesign.eu<\/a><\/p>\t\t\t\t\t\t\t\t<\/div>\n\t\t\t\t<\/div>\n\t\t\t\t\t<\/div>\n\t\t\t\t<\/div>\n\t\t\t\t<\/div>\n\t\t","protected":false},"excerpt":{"rendered":"<p>Protectiondes donn\u00e9es Responsable du traitement Les donn\u00e9es personnelles collect\u00e9es sur ce site sont trait\u00e9es par Kraft DesignSi\u00e8ge social&nbsp;: 200 rue de la Croix Nivert, 75015 Paris, France Donn\u00e9es collect\u00e9es et finalit\u00e9s Nous collectons vos donn\u00e9es personnelles via&nbsp;: \u2022 Les formulaires de contact (nom, email, message) pour r\u00e9pondre \u00e0 vos demandes. \u2022 Les cookies (voir section d\u00e9di\u00e9e) pour analyser le trafic et am\u00e9liorer votre exp\u00e9rience. \u2022 Les interactions sur le site (ex&nbsp;: t\u00e9l\u00e9chargements, inscriptions \u00e0 la newsletter). Base l\u00e9gale Le traitement de vos donn\u00e9es repose sur&nbsp;: \u2022 Votre consentement (ex&nbsp;: cookies, newsletter). \u2022 L\u2019ex\u00e9cution d\u2019un contrat (ex&nbsp;: devis, prestations). \u2022 Notre int\u00e9r\u00eat l\u00e9gitime (ex&nbsp;: am\u00e9lioration de nos services). Destinataires des donn\u00e9es&hellip;&hellip;<\/p>","protected":false},"author":1,"featured_media":0,"parent":0,"menu_order":0,"comment_status":"closed","ping_status":"closed","template":"","meta":{"_acf_changed":false,"footnotes":""},"class_list":["post-1608","page","type-page","status-publish","hentry"],"acf":[],"_links":{"self":[{"href":"https:\/\/www.kraftdesign.eu\/ja\/wp-json\/wp\/v2\/pages\/1608","targetHints":{"allow":["GET"]}}],"collection":[{"href":"https:\/\/www.kraftdesign.eu\/ja\/wp-json\/wp\/v2\/pages"}],"about":[{"href":"https:\/\/www.kraftdesign.eu\/ja\/wp-json\/wp\/v2\/types\/page"}],"author":[{"embeddable":true,"href":"https:\/\/www.kraftdesign.eu\/ja\/wp-json\/wp\/v2\/users\/1"}],"replies":[{"embeddable":true,"href":"https:\/\/www.kraftdesign.eu\/ja\/wp-json\/wp\/v2\/comments?post=1608"}],"version-history":[{"count":13,"href":"https:\/\/www.kraftdesign.eu\/ja\/wp-json\/wp\/v2\/pages\/1608\/revisions"}],"predecessor-version":[{"id":1729,"href":"https:\/\/www.kraftdesign.eu\/ja\/wp-json\/wp\/v2\/pages\/1608\/revisions\/1729"}],"wp:attachment":[{"href":"https:\/\/www.kraftdesign.eu\/ja\/wp-json\/wp\/v2\/media?parent=1608"}],"curies":[{"name":"wp","href":"https:\/\/api.w.org\/{rel}","templated":true}]}}